{"id":2014,"date":"2021-08-09T15:12:32","date_gmt":"2021-08-09T13:12:32","guid":{"rendered":"https:\/\/map-elec.com\/mentions-legales\/"},"modified":"2025-03-18T08:27:18","modified_gmt":"2025-03-18T07:27:18","slug":"legal-notice","status":"publish","type":"page","link":"https:\/\/map-elec.com\/en\/legal-notice\/","title":{"rendered":"Legal Notice"},"content":{"rendered":"\t\t<div data-elementor-type=\"wp-page\" data-elementor-id=\"2014\" class=\"elementor elementor-2014 elementor-32\" data-elementor-post-type=\"page\">\n\t\t\t\t<div class=\"elementor-element elementor-element-7f05cdb e-flex e-con-boxed e-con e-parent\" data-id=\"7f05cdb\" data-element_type=\"container\" data-e-type=\"container\">\n\t\t\t\t\t<div class=\"e-con-inner\">\n\t\t\t\t<div class=\"elementor-element elementor-element-fabca55 elementor-widget__width-initial elementor-widget elementor-widget-heading\" data-id=\"fabca55\" data-element_type=\"widget\" data-e-type=\"widget\" data-widget_type=\"heading.default\">\n\t\t\t\t<div class=\"elementor-widget-container\">\n\t\t\t\t\t<h1 class=\"elementor-heading-title elementor-size-default\">Legal Notice<\/h1>\t\t\t\t<\/div>\n\t\t\t\t<\/div>\n\t\t\t\t\t<\/div>\n\t\t\t\t<\/div>\n\t\t\t\t<section class=\"elementor-section elementor-top-section elementor-element elementor-element-935fb7b elementor-section-boxed elementor-section-height-default elementor-section-height-default\" data-id=\"935fb7b\" data-element_type=\"section\" data-e-type=\"section\">\n\t\t\t\t\t\t<div class=\"elementor-container elementor-column-gap-default\">\n\t\t\t\t\t<div class=\"elementor-column elementor-col-100 elementor-top-column elementor-element elementor-element-e1e8583\" data-id=\"e1e8583\" data-element_type=\"column\" data-e-type=\"column\" data-settings=\"{&quot;background_background&quot;:&quot;classic&quot;}\">\n\t\t\t<div class=\"elementor-widget-wrap elementor-element-populated\">\n\t\t\t\t\t\t<div class=\"elementor-element elementor-element-14f6c14 elementor-widget elementor-widget-text-editor\" data-id=\"14f6c14\" data-element_type=\"widget\" data-e-type=\"widget\" data-widget_type=\"text-editor.default\">\n\t\t\t\t<div class=\"elementor-widget-container\">\n\t\t\t\t\t\t\t\t\t<p>map-elec.com est un site appartenant \u00e0 la soci\u00e9t\u00e9 Map Ch\u00eane.<br \/>Soci\u00e9t\u00e9 par actions simplifi\u00e9e immatricul\u00e9e \u00e0 Annecy RCS 878 680 990.<\/p>\t\t\t\t\t\t\t\t<\/div>\n\t\t\t\t<\/div>\n\t\t\t\t<div class=\"elementor-element elementor-element-a917158 elementor-widget__width-initial elementor-widget elementor-widget-heading\" data-id=\"a917158\" data-element_type=\"widget\" data-e-type=\"widget\" data-widget_type=\"heading.default\">\n\t\t\t\t<div class=\"elementor-widget-container\">\n\t\t\t\t\t<h2 class=\"elementor-heading-title elementor-size-default\">Si\u00e8ge social<\/h2>\t\t\t\t<\/div>\n\t\t\t\t<\/div>\n\t\t\t\t<div class=\"elementor-element elementor-element-4362dbb elementor-widget elementor-widget-text-editor\" data-id=\"4362dbb\" data-element_type=\"widget\" data-e-type=\"widget\" data-widget_type=\"text-editor.default\">\n\t\t\t\t<div class=\"elementor-widget-container\">\n\t\t\t\t\t\t\t\t\t<p>Map Ch\u00eane<br \/>183 rue du Sorgia, 74270, Ch\u00eane-en-Semine, France<\/p>\t\t\t\t\t\t\t\t<\/div>\n\t\t\t\t<\/div>\n\t\t\t\t<div class=\"elementor-element elementor-element-63d4cc3 elementor-widget__width-initial elementor-widget elementor-widget-heading\" data-id=\"63d4cc3\" data-element_type=\"widget\" data-e-type=\"widget\" data-widget_type=\"heading.default\">\n\t\t\t\t<div class=\"elementor-widget-container\">\n\t\t\t\t\t<h2 class=\"elementor-heading-title elementor-size-default\">H\u00e9bergement<\/h2>\t\t\t\t<\/div>\n\t\t\t\t<\/div>\n\t\t\t\t<div class=\"elementor-element elementor-element-eb46c5a elementor-widget elementor-widget-text-editor\" data-id=\"eb46c5a\" data-element_type=\"widget\" data-e-type=\"widget\" data-widget_type=\"text-editor.default\">\n\t\t\t\t<div class=\"elementor-widget-container\">\n\t\t\t\t\t\t\t\t\t<p>INFOMANIAK NETWORK SA<br \/>26, Avenue de la Praille<br \/>1227 Carouge | Gen\u00e8ve \u2013 SUISSE<\/p>\t\t\t\t\t\t\t\t<\/div>\n\t\t\t\t<\/div>\n\t\t\t\t<div class=\"elementor-element elementor-element-8c391f7 elementor-widget__width-initial elementor-widget elementor-widget-heading\" data-id=\"8c391f7\" data-element_type=\"widget\" data-e-type=\"widget\" data-widget_type=\"heading.default\">\n\t\t\t\t<div class=\"elementor-widget-container\">\n\t\t\t\t\t<h2 class=\"elementor-heading-title elementor-size-default\">Droits de propri\u00e9t\u00e9 intellectuelle<\/h2>\t\t\t\t<\/div>\n\t\t\t\t<\/div>\n\t\t\t\t<div class=\"elementor-element elementor-element-da774cd elementor-widget elementor-widget-text-editor\" data-id=\"da774cd\" data-element_type=\"widget\" data-e-type=\"widget\" data-widget_type=\"text-editor.default\">\n\t\t\t\t<div class=\"elementor-widget-container\">\n\t\t\t\t\t\t\t\t\t<p>L\u2019ensemble du contenu de ce site comme sa d\u00e9nomination sa pr\u00e9sentation et son contenu constituent une oeuvre originale prot\u00e9g\u00e9e par les lois en vigueur sur la propri\u00e9t\u00e9 intellectuelle, \u00e9dit\u00e9e par Map Ch\u00eane. Toute reproduction, repr\u00e9sentation, utilisation ou modification, par quelque proc\u00e9d\u00e9 que ce soit et sur quelque support que ce soit, de tout ou partie du site, de sa d\u00e9nomination, de tout ou partie des diff\u00e9rentes \u0153uvres et mod\u00e8les de produits qui le composent, sans avoir obtenu l\u2019autorisation pr\u00e9alable de Map Ch\u00eane, est strictement interdite et constitue un d\u00e9lit de contrefa\u00e7on puni de deux ans d\u2019emprisonnement et de 150 000 euros d\u2019amende.<\/p>\t\t\t\t\t\t\t\t<\/div>\n\t\t\t\t<\/div>\n\t\t\t\t<div class=\"elementor-element elementor-element-74c2275 elementor-widget__width-initial elementor-widget elementor-widget-heading\" data-id=\"74c2275\" data-element_type=\"widget\" data-e-type=\"widget\" data-widget_type=\"heading.default\">\n\t\t\t\t<div class=\"elementor-widget-container\">\n\t\t\t\t\t<h2 class=\"elementor-heading-title elementor-size-default\">Informations et contenus<\/h2>\t\t\t\t<\/div>\n\t\t\t\t<\/div>\n\t\t\t\t<div class=\"elementor-element elementor-element-0434d98 elementor-widget elementor-widget-text-editor\" data-id=\"0434d98\" data-element_type=\"widget\" data-e-type=\"widget\" data-widget_type=\"text-editor.default\">\n\t\t\t\t<div class=\"elementor-widget-container\">\n\t\t\t\t\t\t\t\t\t<p>Les informations pr\u00e9sent\u00e9es et disponibles dans nos pages ne repr\u00e9sentent que nos avis et points de vue exprim\u00e9s \u00e0 la date de publication de chaque page. Elles peuvent pr\u00e9senter des inexactitudes et n\u2019ont comme objectif que de prodiguer des informations les plus compl\u00e8tes et utiles aux internautes. Nous nous r\u00e9servons le droit des les modifier ou supprimer sans pr\u00e9avis,. Nous ne fournissons aucune garantie explicite ou implicite et ne saurions \u00eatre tenu pour responsable de quelque dommage pouvant r\u00e9sulter d\u2019une quelconque utilisation de ces informations. Toutes informations et \u00e9l\u00e9ments qui nous seront transmises, seront r\u00e9put\u00e9es comme non confidentielles. Vous conc\u00e9dez express\u00e9ment \u00e0 Map Ch\u00eane un droit illimit\u00e9 et irr\u00e9vocable d\u2019utiliser, publier, commenter ces informations et \u00e9l\u00e9ments. Leur origine ne sera pas divulgu\u00e9e (1) sauf votre autorisation expresse, (2) notre notification pr\u00e9alable \u00e0 l\u2019\u00e9metteur de la mention de son nom (3) si nous y sommes l\u00e9galement oblig\u00e9s.<\/p>\t\t\t\t\t\t\t\t<\/div>\n\t\t\t\t<\/div>\n\t\t\t\t<div class=\"elementor-element elementor-element-a6c7370 elementor-widget__width-initial elementor-widget elementor-widget-heading\" data-id=\"a6c7370\" data-element_type=\"widget\" data-e-type=\"widget\" data-widget_type=\"heading.default\">\n\t\t\t\t<div class=\"elementor-widget-container\">\n\t\t\t\t\t<h2 class=\"elementor-heading-title elementor-size-default\">Pratiques en mati\u00e8re de respect de la vie priv\u00e9e<\/h2>\t\t\t\t<\/div>\n\t\t\t\t<\/div>\n\t\t\t\t<div class=\"elementor-element elementor-element-d16de10 elementor-widget elementor-widget-heading\" data-id=\"d16de10\" data-element_type=\"widget\" data-e-type=\"widget\" data-widget_type=\"heading.default\">\n\t\t\t\t<div class=\"elementor-widget-container\">\n\t\t\t\t\t<h3 class=\"elementor-heading-title elementor-size-default\">Donn\u00e9es personnelles<\/h3>\t\t\t\t<\/div>\n\t\t\t\t<\/div>\n\t\t\t\t<div class=\"elementor-element elementor-element-4d89c17 elementor-widget elementor-widget-text-editor\" data-id=\"4d89c17\" data-element_type=\"widget\" data-e-type=\"widget\" data-widget_type=\"text-editor.default\">\n\t\t\t\t<div class=\"elementor-widget-container\">\n\t\t\t\t\t\t\t\t\t<p>Afin de prodiguer la meilleure exp\u00e9rience possible, des contenus informatifs de qualit\u00e9, l\u2019acc\u00e8s \u00e0 des informations sp\u00e9cifiques tels que des ressources et tutoriaux, un espace priv\u00e9, le visiteur du site peut \u00eatre amen\u00e9 \u00e0 renseigner des formulaires, voire \u00e0 se connecter via un login et mot de passe. Les informations recueillies font alors l\u2019objet d\u2019un traitement informatique rendu n\u00e9cessaire pour la r\u00e9alisation de la prestation. Les destinataires des donn\u00e9es sont exclusivement les personnes travaillant pour l\u2019entreprise Map Ch\u00eane.<br \/>Conform\u00e9ment \u00e0 la loi \u00ab informatique et libert\u00e9s \u00bb du 6 janvier 1978 modifi\u00e9e en 2004, vous b\u00e9n\u00e9ficiez d\u2019un droit d\u2019acc\u00e8s et de rectification aux informations qui vous concernent, que vous pouvez exercer en vous adressant \u00e0 notre service support, \u00e0 l\u2019adresse commercial@map-ten.com. Vous pouvez \u00e9galement, pour des motifs l\u00e9gitimes, vous opposer au traitement des donn\u00e9es vous concernant.<\/p>\t\t\t\t\t\t\t\t<\/div>\n\t\t\t\t<\/div>\n\t\t\t\t<div class=\"elementor-element elementor-element-1f343ea elementor-widget elementor-widget-heading\" data-id=\"1f343ea\" data-element_type=\"widget\" data-e-type=\"widget\" data-widget_type=\"heading.default\">\n\t\t\t\t<div class=\"elementor-widget-container\">\n\t\t\t\t\t<h2 class=\"elementor-heading-title elementor-size-default\">Liens externes<\/h2>\t\t\t\t<\/div>\n\t\t\t\t<\/div>\n\t\t\t\t<div class=\"elementor-element elementor-element-8bf6127 elementor-widget elementor-widget-text-editor\" data-id=\"8bf6127\" data-element_type=\"widget\" data-e-type=\"widget\" data-widget_type=\"text-editor.default\">\n\t\t\t\t<div class=\"elementor-widget-container\">\n\t\t\t\t\t\t\t\t\t<p>Le site map-elec.com pointe vers de nombreux autres sites webs. Map Ch\u00eane ne peut en aucun cas \u00eatre tenu pour responsable des contenus et politique de confidentialit\u00e9 de ces sites. Map Ch\u00eane ne saurait non plus \u00eatre tenu pour responsable d\u2019\u00e9ventuels dommages directs ou indirects qui d\u00e9couleraient de leur utilisation : en particulier de l\u2019acc\u00e8s \u00e0 ces sites et aux sites li\u00e9s \u00e0 ces sites, et des dommages, non limitatifs, pr\u00e9judices financier ou commercial, perte d\u2019exploitation, perte de donn\u00e9es, et cela m\u00eame si nous avons pu en \u00eatre avis\u00e9 pr\u00e9alablement.<\/p>\t\t\t\t\t\t\t\t<\/div>\n\t\t\t\t<\/div>\n\t\t\t\t<div class=\"elementor-element elementor-element-91e4314 elementor-widget elementor-widget-heading\" data-id=\"91e4314\" data-element_type=\"widget\" data-e-type=\"widget\" data-widget_type=\"heading.default\">\n\t\t\t\t<div class=\"elementor-widget-container\">\n\t\t\t\t\t<h2 class=\"elementor-heading-title elementor-size-default\">Cookies<\/h2>\t\t\t\t<\/div>\n\t\t\t\t<\/div>\n\t\t\t\t<div class=\"elementor-element elementor-element-5ecd924 elementor-widget elementor-widget-text-editor\" data-id=\"5ecd924\" data-element_type=\"widget\" data-e-type=\"widget\" data-widget_type=\"text-editor.default\">\n\t\t\t\t<div class=\"elementor-widget-container\">\n\t\t\t\t\t\t\t\t\tNous utilisons une fonctionnalit\u00e9 courante qui consiste \u00e0 installer un cookie sur votre navigateur. Il nous permet de vous reconna\u00eetre lors d\u2019une visite ult\u00e9rieure, facilite la saisie de nos formulaires, et de mieux appr\u00e9hender la qualit\u00e9 de la navigation sur notre site par les internautes.\t\t\t\t\t\t\t\t<\/div>\n\t\t\t\t<\/div>\n\t\t\t\t<div class=\"elementor-element elementor-element-340434f elementor-widget elementor-widget-heading\" data-id=\"340434f\" data-element_type=\"widget\" data-e-type=\"widget\" data-widget_type=\"heading.default\">\n\t\t\t\t<div class=\"elementor-widget-container\">\n\t\t\t\t\t<h2 class=\"elementor-heading-title elementor-size-default\">Cookies tiers<\/h2>\t\t\t\t<\/div>\n\t\t\t\t<\/div>\n\t\t\t\t<div class=\"elementor-element elementor-element-e21a76b elementor-widget elementor-widget-text-editor\" data-id=\"e21a76b\" data-element_type=\"widget\" data-e-type=\"widget\" data-widget_type=\"text-editor.default\">\n\t\t\t\t<div class=\"elementor-widget-container\">\n\t\t\t\t\t\t\t\t\t<p>Afin de disposer d\u2019informations sur la mani\u00e8re dont les internautes visitent et interagissent avec notre site, suivre nos conversions, nous utilisons des logiciels comme Google Analytics (de Google Inc), Google Adwords (Google Inc). Ces logiciels, pour notre compte, vont positionner des cookies, collecter des informations qu\u2019ils vont ensuite stocker sur leurs serveurs \u00e0 leur convenance. Certains cookies sont permanents et permettent une identification du visiteur sur le site lors d\u2019une visite ult\u00e9rieure, d\u2019autres expirent entre 15 et 30 jours. En combinaison avec d\u2019autres services propos\u00e9es par ces soci\u00e9t\u00e9s, en particulier dans le cas o\u00f9 nous avons recueillies des informations personnelles comme votre nom, email, nom de soci\u00e9t\u00e9, nous sommes \u00e0 m\u00eame de relier toutes ces informations ensemble et ainsi vous fournir de meilleurs informations. Ces soci\u00e9t\u00e9s s\u2019engagent express\u00e9ment \u00e0 ne pas divulguer vos informations \u00e0 un tiers sans consentement express de votre part, \u00e0 moins d\u2019y \u00eatre contraint par voie juridique. Ces logiciels s\u2019engagent \u00e9galement \u00e0 ne pas consolider ces informations avec leurs services que vous pourriez utiliser directement par vous m\u00eame ou via d\u2019autres soci\u00e9t\u00e9s qui utiliseraient leurs services. Vous pouvez facilement vous soustraire aux cookies en modifiant les propri\u00e9t\u00e9s de votre navigateur ou en utilisant la navigation priv\u00e9e. Vous pouvez \u00e9galement les effacer.<\/p>\t\t\t\t\t\t\t\t<\/div>\n\t\t\t\t<\/div>\n\t\t\t\t\t<\/div>\n\t\t<\/div>\n\t\t\t\t\t<\/div>\n\t\t<\/section>\n\t\t\t\t<\/div>\n\t\t","protected":false},"excerpt":{"rendered":"<p>map-elec.com est un site appartenant \u00e0 la soci\u00e9t\u00e9 Map Ch\u00eane.Soci\u00e9t\u00e9 par actions simplifi\u00e9e immatricul\u00e9e \u00e0 Annecy RCS 878 680 990. Si\u00e8ge social Map Ch\u00eane183 rue du Sorgia, 74270, Ch\u00eane-en-Semine, France H\u00e9bergement INFOMANIAK NETWORK SA26, Avenue de la Praille1227 Carouge | Gen\u00e8ve \u2013 SUISSE Droits de propri\u00e9t\u00e9 intellectuelle L\u2019ensemble du contenu de ce site comme sa [&hellip;]<\/p>\n","protected":false},"author":1,"featured_media":0,"parent":0,"menu_order":0,"comment_status":"closed","ping_status":"closed","template":"","meta":{"_acf_changed":false,"_eb_attr":"","footnotes":""},"class_list":["post-2014","page","type-page","status-publish","hentry"],"acf":[],"yoast_head":"<!-- This site is optimized with the Yoast SEO plugin v27.2 - https:\/\/yoast.com\/product\/yoast-seo-wordpress\/ -->\n<title>Legal Notice - Map Elec<\/title>\n<meta name=\"description\" content=\"D\u00e9couvrez les mentions l\u00e9gales du site internet de la soci\u00e9t\u00e9 MAPELEC\u00ae, fabricant de peinture industrielle fran\u00e7ais bas\u00e9 en Haute-Savoie.\" \/>\n<meta name=\"robots\" content=\"index, follow, max-snippet:-1, max-image-preview:large, max-video-preview:-1\" \/>\n<link rel=\"canonical\" href=\"https:\/\/map-elec.com\/en\/legal-notice\/\" \/>\n<meta property=\"og:locale\" content=\"en_US\" \/>\n<meta property=\"og:type\" content=\"article\" \/>\n<meta property=\"og:title\" content=\"Legal Notice - Map Elec\" \/>\n<meta property=\"og:description\" content=\"D\u00e9couvrez les mentions l\u00e9gales du site internet de la soci\u00e9t\u00e9 MAPELEC\u00ae, fabricant de peinture industrielle fran\u00e7ais bas\u00e9 en Haute-Savoie.\" \/>\n<meta property=\"og:url\" content=\"https:\/\/map-elec.com\/en\/legal-notice\/\" \/>\n<meta property=\"og:site_name\" content=\"Map Elec\" \/>\n<meta property=\"article:modified_time\" content=\"2025-03-18T07:27:18+00:00\" \/>\n<meta name=\"twitter:card\" content=\"summary_large_image\" \/>\n<meta name=\"twitter:label1\" content=\"Est. reading time\" \/>\n\t<meta name=\"twitter:data1\" content=\"4 minutes\" \/>\n<script type=\"application\/ld+json\" class=\"yoast-schema-graph\">{\"@context\":\"https:\/\/schema.org\",\"@graph\":[{\"@type\":\"WebPage\",\"@id\":\"https:\/\/map-elec.com\/en\/legal-notice\/\",\"url\":\"https:\/\/map-elec.com\/en\/legal-notice\/\",\"name\":\"Legal Notice - Map Elec\",\"isPartOf\":{\"@id\":\"https:\/\/map-elec.com\/#website\"},\"datePublished\":\"2021-08-09T13:12:32+00:00\",\"dateModified\":\"2025-03-18T07:27:18+00:00\",\"description\":\"D\u00e9couvrez les mentions l\u00e9gales du site internet de la soci\u00e9t\u00e9 MAPELEC\u00ae, fabricant de peinture industrielle fran\u00e7ais bas\u00e9 en Haute-Savoie.\",\"breadcrumb\":{\"@id\":\"https:\/\/map-elec.com\/en\/legal-notice\/#breadcrumb\"},\"inLanguage\":\"en-US\",\"potentialAction\":[{\"@type\":\"ReadAction\",\"target\":[\"https:\/\/map-elec.com\/en\/legal-notice\/\"]}]},{\"@type\":\"BreadcrumbList\",\"@id\":\"https:\/\/map-elec.com\/en\/legal-notice\/#breadcrumb\",\"itemListElement\":[{\"@type\":\"ListItem\",\"position\":1,\"name\":\"Home\",\"item\":\"https:\/\/map-elec.com\/en\/\"},{\"@type\":\"ListItem\",\"position\":2,\"name\":\"Legal Notice\"}]},{\"@type\":\"WebSite\",\"@id\":\"https:\/\/map-elec.com\/#website\",\"url\":\"https:\/\/map-elec.com\/\",\"name\":\"Map Elec\",\"description\":\"Map Elec\",\"publisher\":{\"@id\":\"https:\/\/map-elec.com\/#organization\"},\"potentialAction\":[{\"@type\":\"SearchAction\",\"target\":{\"@type\":\"EntryPoint\",\"urlTemplate\":\"https:\/\/map-elec.com\/?s={search_term_string}\"},\"query-input\":{\"@type\":\"PropertyValueSpecification\",\"valueRequired\":true,\"valueName\":\"search_term_string\"}}],\"inLanguage\":\"en-US\"},{\"@type\":\"Organization\",\"@id\":\"https:\/\/map-elec.com\/#organization\",\"name\":\"Map Elec\",\"url\":\"https:\/\/map-elec.com\/\",\"logo\":{\"@type\":\"ImageObject\",\"inLanguage\":\"en-US\",\"@id\":\"https:\/\/map-elec.com\/#\/schema\/logo\/image\/\",\"url\":\"https:\/\/map-elec.com\/wp-content\/uploads\/2021\/08\/logo-map-elec.png\",\"contentUrl\":\"https:\/\/map-elec.com\/wp-content\/uploads\/2021\/08\/logo-map-elec.png\",\"width\":1212,\"height\":634,\"caption\":\"Map Elec\"},\"image\":{\"@id\":\"https:\/\/map-elec.com\/#\/schema\/logo\/image\/\"}}]}<\/script>\n<!-- \/ Yoast SEO plugin. -->","yoast_head_json":{"title":"Legal Notice - Map Elec","description":"D\u00e9couvrez les mentions l\u00e9gales du site internet de la soci\u00e9t\u00e9 MAPELEC\u00ae, fabricant de peinture industrielle fran\u00e7ais bas\u00e9 en Haute-Savoie.","robots":{"index":"index","follow":"follow","max-snippet":"max-snippet:-1","max-image-preview":"max-image-preview:large","max-video-preview":"max-video-preview:-1"},"canonical":"https:\/\/map-elec.com\/en\/legal-notice\/","og_locale":"en_US","og_type":"article","og_title":"Legal Notice - Map Elec","og_description":"D\u00e9couvrez les mentions l\u00e9gales du site internet de la soci\u00e9t\u00e9 MAPELEC\u00ae, fabricant de peinture industrielle fran\u00e7ais bas\u00e9 en Haute-Savoie.","og_url":"https:\/\/map-elec.com\/en\/legal-notice\/","og_site_name":"Map Elec","article_modified_time":"2025-03-18T07:27:18+00:00","twitter_card":"summary_large_image","twitter_misc":{"Est. reading time":"4 minutes"},"schema":{"@context":"https:\/\/schema.org","@graph":[{"@type":"WebPage","@id":"https:\/\/map-elec.com\/en\/legal-notice\/","url":"https:\/\/map-elec.com\/en\/legal-notice\/","name":"Legal Notice - Map Elec","isPartOf":{"@id":"https:\/\/map-elec.com\/#website"},"datePublished":"2021-08-09T13:12:32+00:00","dateModified":"2025-03-18T07:27:18+00:00","description":"D\u00e9couvrez les mentions l\u00e9gales du site internet de la soci\u00e9t\u00e9 MAPELEC\u00ae, fabricant de peinture industrielle fran\u00e7ais bas\u00e9 en Haute-Savoie.","breadcrumb":{"@id":"https:\/\/map-elec.com\/en\/legal-notice\/#breadcrumb"},"inLanguage":"en-US","potentialAction":[{"@type":"ReadAction","target":["https:\/\/map-elec.com\/en\/legal-notice\/"]}]},{"@type":"BreadcrumbList","@id":"https:\/\/map-elec.com\/en\/legal-notice\/#breadcrumb","itemListElement":[{"@type":"ListItem","position":1,"name":"Home","item":"https:\/\/map-elec.com\/en\/"},{"@type":"ListItem","position":2,"name":"Legal Notice"}]},{"@type":"WebSite","@id":"https:\/\/map-elec.com\/#website","url":"https:\/\/map-elec.com\/","name":"Map Elec","description":"Map Elec","publisher":{"@id":"https:\/\/map-elec.com\/#organization"},"potentialAction":[{"@type":"SearchAction","target":{"@type":"EntryPoint","urlTemplate":"https:\/\/map-elec.com\/?s={search_term_string}"},"query-input":{"@type":"PropertyValueSpecification","valueRequired":true,"valueName":"search_term_string"}}],"inLanguage":"en-US"},{"@type":"Organization","@id":"https:\/\/map-elec.com\/#organization","name":"Map Elec","url":"https:\/\/map-elec.com\/","logo":{"@type":"ImageObject","inLanguage":"en-US","@id":"https:\/\/map-elec.com\/#\/schema\/logo\/image\/","url":"https:\/\/map-elec.com\/wp-content\/uploads\/2021\/08\/logo-map-elec.png","contentUrl":"https:\/\/map-elec.com\/wp-content\/uploads\/2021\/08\/logo-map-elec.png","width":1212,"height":634,"caption":"Map Elec"},"image":{"@id":"https:\/\/map-elec.com\/#\/schema\/logo\/image\/"}}]}},"_links":{"self":[{"href":"https:\/\/map-elec.com\/en\/wp-json\/wp\/v2\/pages\/2014","targetHints":{"allow":["GET"]}}],"collection":[{"href":"https:\/\/map-elec.com\/en\/wp-json\/wp\/v2\/pages"}],"about":[{"href":"https:\/\/map-elec.com\/en\/wp-json\/wp\/v2\/types\/page"}],"author":[{"embeddable":true,"href":"https:\/\/map-elec.com\/en\/wp-json\/wp\/v2\/users\/1"}],"replies":[{"embeddable":true,"href":"https:\/\/map-elec.com\/en\/wp-json\/wp\/v2\/comments?post=2014"}],"version-history":[{"count":7,"href":"https:\/\/map-elec.com\/en\/wp-json\/wp\/v2\/pages\/2014\/revisions"}],"predecessor-version":[{"id":2160,"href":"https:\/\/map-elec.com\/en\/wp-json\/wp\/v2\/pages\/2014\/revisions\/2160"}],"wp:attachment":[{"href":"https:\/\/map-elec.com\/en\/wp-json\/wp\/v2\/media?parent=2014"}],"curies":[{"name":"wp","href":"https:\/\/api.w.org\/{rel}","templated":true}]}}